{"id":204,"date":"2026-02-13T23:26:35","date_gmt":"2026-02-13T22:26:35","guid":{"rendered":"https:\/\/draraquelmunoz.com\/?page_id=204"},"modified":"2026-03-30T17:58:25","modified_gmt":"2026-03-30T15:58:25","slug":"sobre-mi","status":"publish","type":"page","link":"https:\/\/draraquelmunoz.com\/pt\/sobre-mi\/","title":{"rendered":"Curr\u00edculo \/ Sobre Mim"},"content":{"rendered":"<div data-elementor-type=\"wp-page\" data-elementor-id=\"204\" class=\"elementor elementor-204\" data-elementor-post-type=\"page\">\n\t\t\t\t<div class=\"elementor-element elementor-element-adc9756 e-flex e-con-boxed e-con e-parent\" data-id=\"adc9756\" data-element_type=\"container\" data-e-type=\"container\">\n\t\t\t\t\t<div class=\"e-con-inner\">\n\t\t\t\t<div class=\"elementor-element elementor-element-f73e9f2 elementor-widget elementor-widget-heading\" data-id=\"f73e9f2\" data-element_type=\"widget\" data-e-type=\"widget\" data-widget_type=\"heading.default\">\n\t\t\t\t\t<h2 class=\"elementor-heading-title elementor-size-default\">Trajet\u00f3ria Profissional\n<\/h2>\t\t\t\t<\/div>\n\t\t\t\t<div class=\"elementor-element elementor-element-90ac311 elementor-widget elementor-widget-text-editor\" data-id=\"90ac311\" data-element_type=\"widget\" data-e-type=\"widget\" data-widget_type=\"text-editor.default\">\n\t\t\t\t\t\t\t\t\t<p>Desde que me formei em Medicina, desenvolvi minha carreira em hospitais de reconhecido prest\u00edgio, tanto p\u00fablicos quanto privados, em S\u00e3o Paulo, Brasil. Ao longo dos anos, trabalhei como pediatra em diversos centros hospitalares e tamb\u00e9m em minha pr\u00f3pria cl\u00ednica privada.<\/p><p>Durante minha trajet\u00f3ria, tive a honra de atuar como chefe de plant\u00e3o na \u00e1rea de Urg\u00eancias Pedi\u00e1tricas da Universidade Federal de S\u00e3o Paulo (UNIFESP), ensinando alunos de medicina e tamb\u00e9m residentes de pediatria, al\u00e9m de coordenar a \u00e1rea de Infec\u00e7\u00f5es Hospitalares no Quarteir\u00e3o da Sa\u00fade de Diadema.<\/p><p>Meu compromisso com o ensino e a pesquisa levou-me a participar de v\u00e1rias publica\u00e7\u00f5es cient\u00edficas e a contribuir com um cap\u00edtulo no Livro Pedi\u00e1trico da UNIFESP. Tamb\u00e9m participei e colaborei ativamente em numerosos congressos nacionais e internacionais.<\/p><p>En la actualidad, mi enfoque est\u00e1 centrado en la Medicina Integrativa. Atiendo a pacientes en cl\u00ednicas privadas ocasionalmente en mi consulta privada en Espa\u00f1a. Tambi\u00e9n realizo consultas online, acompa\u00f1ando de forma cercana y personalizada a pacientes y familias en distintas partes del mundo.<\/p>\t\t\t\t\t\t\t\t<\/div>\n\t\t\t\t\t<\/div>\n\t\t\t\t<\/div>\n\t\t<div class=\"elementor-element elementor-element-946a356 e-flex e-con-boxed e-con e-parent\" data-id=\"946a356\" data-element_type=\"container\" data-e-type=\"container\">\n\t\t\t\t\t<div class=\"e-con-inner\">\n\t\t\t\t<div class=\"elementor-element elementor-element-857b928 elementor-widget elementor-widget-heading\" data-id=\"857b928\" data-element_type=\"widget\" data-e-type=\"widget\" data-widget_type=\"heading.default\">\n\t\t\t\t\t<h3 class=\"elementor-heading-title elementor-size-default\">A S\u00edntese da Excel\u00eancia<\/h3>\t\t\t\t<\/div>\n\t\t\t\t<div class=\"elementor-element elementor-element-2a68c25 elementor-widget elementor-widget-heading\" data-id=\"2a68c25\" data-element_type=\"widget\" data-e-type=\"widget\" data-widget_type=\"heading.default\">\n\t\t\t\t\t<h4 class=\"elementor-heading-title elementor-size-default\">Ci\u00eancia, Tradi\u00e7\u00e3o e Futuro<\/h4>\t\t\t\t<\/div>\n\t\t\t\t\t<\/div>\n\t\t\t\t<\/div>\n\t\t<div class=\"elementor-element elementor-element-1442652 e-flex e-con-boxed e-con e-parent\" data-id=\"1442652\" data-element_type=\"container\" data-e-type=\"container\">\n\t\t\t\t\t<div class=\"e-con-inner\">\n\t\t<div class=\"elementor-element elementor-element-7cf6994 e-con-full e-flex e-con e-child\" data-id=\"7cf6994\" data-element_type=\"container\" data-e-type=\"container\">\n\t\t\t\t<div class=\"elementor-element elementor-element-426eda0 elementor-widget elementor-widget-image\" data-id=\"426eda0\" data-element_type=\"widget\" data-e-type=\"widget\" data-widget_type=\"image.default\">\n\t\t\t\t\t\t\t\t\t\t\t\t\t\t\t<img fetchpriority=\"high\" decoding=\"async\" width=\"799\" height=\"566\" src=\"https:\/\/draraquelmunoz.com\/wp-content\/uploads\/2026\/03\/dra-raquel-munoz.webp\" class=\"attachment-large size-large wp-image-1166\" alt=\"Dra Raquel Mu\u00f1oz\" srcset=\"https:\/\/draraquelmunoz.com\/wp-content\/uploads\/2026\/03\/dra-raquel-munoz.webp 799w, https:\/\/draraquelmunoz.com\/wp-content\/uploads\/2026\/03\/dra-raquel-munoz-300x213.webp 300w, https:\/\/draraquelmunoz.com\/wp-content\/uploads\/2026\/03\/dra-raquel-munoz-768x544.webp 768w, https:\/\/draraquelmunoz.com\/wp-content\/uploads\/2026\/03\/dra-raquel-munoz-18x12.webp 18w\" sizes=\"(max-width: 799px) 100vw, 799px\" \/>\t\t\t\t\t\t\t\t\t\t\t\t\t\t\t<\/div>\n\t\t\t\t<\/div>\n\t\t<div class=\"elementor-element elementor-element-a90c387 e-con-full e-flex e-con e-child\" data-id=\"a90c387\" data-element_type=\"container\" data-e-type=\"container\">\n\t\t\t\t<div class=\"elementor-element elementor-element-b366cdc elementor-widget elementor-widget-text-editor\" data-id=\"b366cdc\" data-element_type=\"widget\" data-e-type=\"widget\" data-widget_type=\"text-editor.default\">\n\t\t\t\t\t\t\t\t\t<p>A medicina de excel\u00eancia n\u00e3o se fragmenta; ela se integra para compreender a totalidade do ser humano. Com uma trajet\u00f3ria constru\u00edda na alta complexidade e guiada por uma busca incessante pelo dom\u00ednio do conhecimento, a Dra. Raquel Mu\u00f1oz construiu sua autoridade na interse\u00e7\u00e3o entre o rigor cient\u00edfico e a vis\u00e3o sist\u00eamica.<\/p><p>Sua base cl\u00ednica foi aprimorada na UNIFESP, onde a especializa\u00e7\u00e3o em Pediatria e Infectologia e sua atua\u00e7\u00e3o como Chefe de Plant\u00e3o em emerg\u00eancias cr\u00edticas consolidaram um olhar diagn\u00f3stico inabal\u00e1vel. Foi essa viv\u00eancia de d\u00e9cadas na linha de frente hospitalar que despertou nela uma compreens\u00e3o mais ampla: a de que a sa\u00fade plena reside na harmonia entre a cura do sintoma agudo e o equil\u00edbrio do terreno biol\u00f3gico.<\/p>\t\t\t\t\t\t\t\t<\/div>\n\t\t\t\t<div class=\"elementor-element elementor-element-a0424da elementor-blockquote--align-left elementor-blockquote--skin-border elementor-widget elementor-widget-blockquote\" data-id=\"a0424da\" data-element_type=\"widget\" data-e-type=\"widget\" data-widget_type=\"blockquote.default\">\n\t\t\t\t\t\t\t<blockquote class=\"elementor-blockquote\">\n\t\t\t<p class=\"elementor-blockquote__content\">\n\t\t\t\tHoje, sua pr\u00e1tica representa a evolu\u00e7\u00e3o do cuidado m\u00e9dico. A Dra. Raquel uniu a precis\u00e3o e o m\u00e9todo da Medicina Ocidental com a profundidade milenar da Medicina Tradicional Chinesa, criando uma abordagem integrativa \u00fanica que atua na origem dos desequil\u00edbrios para restaurar a vitalidade.\t\t\t<\/p>\n\t\t\t\t\t\t\t<div class=\"e-q-footer\">\n\t\t\t\t\t\t\t\t\t\t\t<cite class=\"elementor-blockquote__author\">Dra Raquel Mu\u00f1oz<\/cite>\n\t\t\t\t\t\t\t\t\t\t\t\t\t\t<\/div>\n\t\t\t\t\t<\/blockquote>\n\t\t\t\t\t\t<\/div>\n\t\t\t\t<div class=\"elementor-element elementor-element-8ebf3b9 elementor-widget elementor-widget-text-editor\" data-id=\"8ebf3b9\" data-element_type=\"widget\" data-e-type=\"widget\" data-widget_type=\"text-editor.default\">\n\t\t\t\t\t\t\t\t\t<p>Esse compromisso com a maestria se reflete em sua forma\u00e7\u00e3o cont\u00ednua: em sua d\u00e9cima p\u00f3s-gradua\u00e7\u00e3o, a doutora alcan\u00e7a o n\u00edvel de Mestre em F\u00f3rmulas Magistrais Chinesas. Tal experi\u00eancia a transformou em uma refer\u00eancia internacional, levando-a a ministrar cursos para m\u00e9dicos acupunturistas, compartilhando a arte da prescri\u00e7\u00e3o sist\u00eamica e da integra\u00e7\u00e3o farmacol\u00f3gica de alta sofistica\u00e7\u00e3o.<\/p>\t\t\t\t\t\t\t\t<\/div>\n\t\t\t\t<\/div>\n\t\t\t\t\t<\/div>\n\t\t\t\t<\/div>\n\t\t\t\t<\/div>","protected":false},"excerpt":{"rendered":"<p>Trayectoria profesional Desde que me gradu\u00e9 en Medicina, he desarrollado mi carrera en hospitales de reconocido prestigio, tanto p\u00fablicos como privados, en S\u00e3o Paulo, Brasil. A lo largo de los a\u00f1os, he trabajado como pediatra en diversos centros hospitalarios y en mi propia cl\u00ednica privada. Durante mi trayectoria, he tenido el honor de desempe\u00f1arme como [&hellip;]<\/p>\n","protected":false},"author":1,"featured_media":1218,"parent":0,"menu_order":0,"comment_status":"closed","ping_status":"closed","template":"","meta":{"_acf_changed":false,"footnotes":""},"class_list":["post-204","page","type-page","status-publish","has-post-thumbnail","hentry"],"acf":[],"_links":{"self":[{"href":"https:\/\/draraquelmunoz.com\/pt\/wp-json\/wp\/v2\/pages\/204","targetHints":{"allow":["GET"]}}],"collection":[{"href":"https:\/\/draraquelmunoz.com\/pt\/wp-json\/wp\/v2\/pages"}],"about":[{"href":"https:\/\/draraquelmunoz.com\/pt\/wp-json\/wp\/v2\/types\/page"}],"author":[{"embeddable":true,"href":"https:\/\/draraquelmunoz.com\/pt\/wp-json\/wp\/v2\/users\/1"}],"replies":[{"embeddable":true,"href":"https:\/\/draraquelmunoz.com\/pt\/wp-json\/wp\/v2\/comments?post=204"}],"version-history":[{"count":92,"href":"https:\/\/draraquelmunoz.com\/pt\/wp-json\/wp\/v2\/pages\/204\/revisions"}],"predecessor-version":[{"id":1238,"href":"https:\/\/draraquelmunoz.com\/pt\/wp-json\/wp\/v2\/pages\/204\/revisions\/1238"}],"wp:featuredmedia":[{"embeddable":true,"href":"https:\/\/draraquelmunoz.com\/pt\/wp-json\/wp\/v2\/media\/1218"}],"wp:attachment":[{"href":"https:\/\/draraquelmunoz.com\/pt\/wp-json\/wp\/v2\/media?parent=204"}],"curies":[{"name":"wp","href":"https:\/\/api.w.org\/{rel}","templated":true}]}}