{"id":248,"date":"2026-02-14T03:29:22","date_gmt":"2026-02-14T02:29:22","guid":{"rendered":"https:\/\/draraquelmunoz.com\/?page_id=248"},"modified":"2026-03-30T17:57:29","modified_gmt":"2026-03-30T15:57:29","slug":"como-trabajo","status":"publish","type":"page","link":"https:\/\/draraquelmunoz.com\/es\/como-trabajo\/","title":{"rendered":"C\u00f3mo trabajo"},"content":{"rendered":"\t\t<div data-elementor-type=\"wp-page\" data-elementor-id=\"248\" class=\"elementor elementor-248\" data-elementor-post-type=\"page\">\n\t\t\t\t<div class=\"elementor-element elementor-element-d237a7c e-flex e-con-boxed e-con e-parent\" data-id=\"d237a7c\" data-element_type=\"container\" data-e-type=\"container\">\n\t\t\t\t\t<div class=\"e-con-inner\">\n\t\t\t\t<div class=\"elementor-element elementor-element-742396b elementor-widget elementor-widget-text-editor\" data-id=\"742396b\" data-element_type=\"widget\" data-e-type=\"widget\" data-widget_type=\"text-editor.default\">\n\t\t\t\t\t\t\t\t\t<p><span style=\"font-weight: 400;\">Ya sea en la atenci\u00f3n pedi\u00e1trica, donde construye los cimientos de la longevidad o en la complejidad de la salud del adulto, la Dra. Raquel entrega lo m\u00e1s avanzado de la medicina contempor\u00e1nea. A trav\u00e9s de un sistema de cuidado personalizado, preventivo y consciente, conduce a sus pacientes por un camino de autonom\u00eda y transformaci\u00f3n<\/span><\/p><p><span style=\"font-weight: 400;\">Con una actividad que trasciende fronteras, la Dra. Raquel Mu\u00f1oz ofrece acompa\u00f1amiento esencialmente online, conectando con pacientes en cualquier lugar del mundo. Su presencia global se materializa en consultas presenciales exclusivas en Espa\u00f1a (Barcelona y Costa Brava), Francia (Provence) y Brasil (S\u00e3o Paulo y Campinas). Descubra una medicina que honra su historia y potencia su futuro, est\u00e9 donde est\u00e9.<\/span><\/p><p><span style=\"font-weight: 400;\">C\u00f3mo funciona el acompa\u00f1amiento con la <strong>Dra. Raquel Mu\u00f1oz<\/strong><\/span><\/p>\t\t\t\t\t\t\t\t<\/div>\n\t\t\t\t\t<\/div>\n\t\t\t\t<\/div>\n\t\t<div class=\"elementor-element elementor-element-15e10ad e-flex e-con-boxed e-con e-parent\" data-id=\"15e10ad\" data-element_type=\"container\" data-e-type=\"container\">\n\t\t\t\t\t<div class=\"e-con-inner\">\n\t\t\t\t<div class=\"elementor-element elementor-element-961db87 elementor-widget elementor-widget-heading\" data-id=\"961db87\" data-element_type=\"widget\" data-e-type=\"widget\" data-widget_type=\"heading.default\">\n\t\t\t\t\t<h2 class=\"elementor-heading-title elementor-size-default\">La Experiencia de la Atenci\u00f3n Online<\/h2>\t\t\t\t<\/div>\n\t\t\t\t<div class=\"elementor-element elementor-element-bd1adcc elementor-widget elementor-widget-text-editor\" data-id=\"bd1adcc\" data-element_type=\"widget\" data-e-type=\"widget\" data-widget_type=\"text-editor.default\">\n\t\t\t\t\t\t\t\t\t<p><span style=\"font-weight: 400;\">El cuidado de excelencia no conoce fronteras. La atenci\u00f3n se realiza por videoconferencia, con una duraci\u00f3n media de 60 minutos, donde nos sumergimos en su historia y en las se\u00f1ales de su cuerpo. La distancia f\u00edsica se llena con una escucha atenta y un an\u00e1lisis t\u00e9cnico minucioso, permitiendo un seguimiento cercano y resolutivo en cualquier parte del mundo.<\/span><\/p>\t\t\t\t\t\t\t\t<\/div>\n\t\t\t\t\t<\/div>\n\t\t\t\t<\/div>\n\t\t<div class=\"elementor-element elementor-element-7610b0f e-flex e-con-boxed e-con e-parent\" data-id=\"7610b0f\" data-element_type=\"container\" data-e-type=\"container\">\n\t\t\t\t\t<div class=\"e-con-inner\">\n\t\t\t\t<div class=\"elementor-element elementor-element-58ab3c5 elementor-widget elementor-widget-heading\" data-id=\"58ab3c5\" data-element_type=\"widget\" data-e-type=\"widget\" data-widget_type=\"heading.default\">\n\t\t\t\t\t<h2 class=\"elementor-heading-title elementor-size-default\">El M\u00e9todo: Diagn\u00f3stico y Progresi\u00f3n<\/h2>\t\t\t\t<\/div>\n\t\t\t\t<div class=\"elementor-element elementor-element-6e22634 elementor-widget elementor-widget-heading\" data-id=\"6e22634\" data-element_type=\"widget\" data-e-type=\"widget\" data-widget_type=\"heading.default\">\n\t\t\t\t\t<p class=\"elementor-heading-title elementor-size-default\">Mi trabajo no termina al finalizar la consulta; se entiende como un proceso continuo de transformaci\u00f3n:<\/p>\t\t\t\t<\/div>\n\t\t\t\t\t<\/div>\n\t\t\t\t<\/div>\n\t\t<div class=\"elementor-element elementor-element-160b236 e-flex e-con-boxed e-con e-parent\" data-id=\"160b236\" data-element_type=\"container\" data-e-type=\"container\">\n\t\t\t\t\t<div class=\"e-con-inner\">\n\t\t<div class=\"elementor-element elementor-element-5351bef e-con-full e-flex e-con e-child\" data-id=\"5351bef\" data-element_type=\"container\" data-e-type=\"container\">\n\t\t\t\t<div class=\"elementor-element elementor-element-b8a1d90 elementor-widget elementor-widget-heading\" data-id=\"b8a1d90\" data-element_type=\"widget\" data-e-type=\"widget\" data-widget_type=\"heading.default\">\n\t\t\t\t\t<h2 class=\"elementor-heading-title elementor-size-default\">Prescripci\u00f3n Personalizada<\/h2>\t\t\t\t<\/div>\n\t\t\t\t<div class=\"elementor-element elementor-element-0899997 elementor-widget elementor-widget-text-editor\" data-id=\"0899997\" data-element_type=\"widget\" data-e-type=\"widget\" data-widget_type=\"text-editor.default\">\n\t\t\t\t\t\t\t\t\t<p><span style=\"font-weight: 400;\">Tras un diagn\u00f3stico complejo y estrictamente individualizado, prescribo F\u00f3rmulas Magistrales Chinas. Estas f\u00f3rmulas se elaboran con extractos secos de alta calidad, gestionados por empresas especializadas en importaci\u00f3n y farmacolog\u00eda bot\u00e1nica, garantizando la m\u00e1xima pureza y eficacia para cada organismo.<\/span><\/p>\t\t\t\t\t\t\t\t<\/div>\n\t\t\t\t<\/div>\n\t\t<div class=\"elementor-element elementor-element-b6521cf e-con-full e-flex e-con e-child\" data-id=\"b6521cf\" data-element_type=\"container\" data-e-type=\"container\">\n\t\t\t\t<div class=\"elementor-element elementor-element-98b68b7 elementor-widget elementor-widget-heading\" data-id=\"98b68b7\" data-element_type=\"widget\" data-e-type=\"widget\" data-widget_type=\"heading.default\">\n\t\t\t\t\t<h2 class=\"elementor-heading-title elementor-size-default\">Soporte y Guia<\/h2>\t\t\t\t<\/div>\n\t\t\t\t<div class=\"elementor-element elementor-element-6070100 elementor-widget elementor-widget-text-editor\" data-id=\"6070100\" data-element_type=\"widget\" data-e-type=\"widget\" data-widget_type=\"text-editor.default\">\n\t\t\t\t\t\t\t\t\t<p><span style=\"font-weight: 400;\">realiz\u00f3 un seguimiento cercano para asegurar la correcta implementaci\u00f3n del protocolo y orientar al paciente en su nueva rutina.<\/span><\/p>\t\t\t\t\t\t\t\t<\/div>\n\t\t\t\t<\/div>\n\t\t<div class=\"elementor-element elementor-element-408b693 e-con-full e-flex e-con e-child\" data-id=\"408b693\" data-element_type=\"container\" data-e-type=\"container\">\n\t\t\t\t<div class=\"elementor-element elementor-element-c6b3796 elementor-widget elementor-widget-heading\" data-id=\"c6b3796\" data-element_type=\"widget\" data-e-type=\"widget\" data-widget_type=\"heading.default\">\n\t\t\t\t\t<h2 class=\"elementor-heading-title elementor-size-default\">Seguimiento y Evoluci\u00f3n<\/h2>\t\t\t\t<\/div>\n\t\t\t\t<div class=\"elementor-element elementor-element-54aaf8d elementor-widget elementor-widget-text-editor\" data-id=\"54aaf8d\" data-element_type=\"widget\" data-e-type=\"widget\" data-widget_type=\"text-editor.default\">\n\t\t\t\t\t\t\t\t\t<p><span style=\"font-weight: 400;\">\u00a0El tratamiento es un proceso evolutivo. Aunque la frecuencia suele ser de consultas mensuales, la periodicidad se ajusta seg\u00fan la necesidad de cada caso. Realiz\u00f3 un seguimiento constante para el ajuste de medicaciones y suplementaci\u00f3n siempre que sea necesario, garantizando una progresi\u00f3n segura hacia la causa ra\u00edz.<\/span><\/p>\t\t\t\t\t\t\t\t<\/div>\n\t\t\t\t<\/div>\n\t\t\t\t\t<\/div>\n\t\t\t\t<\/div>\n\t\t<div class=\"elementor-element elementor-element-5543035 e-flex e-con-boxed e-con e-parent\" data-id=\"5543035\" data-element_type=\"container\" data-e-type=\"container\">\n\t\t\t\t\t<div class=\"e-con-inner\">\n\t\t\t\t<div class=\"elementor-element elementor-element-c95e205 elementor-widget elementor-widget-heading\" data-id=\"c95e205\" data-element_type=\"widget\" data-e-type=\"widget\" data-widget_type=\"heading.default\">\n\t\t\t\t\t<h2 class=\"elementor-heading-title elementor-size-default\"> Integraci\u00f3n: Lo Mejor de Dos Mundos<\/h2>\t\t\t\t<\/div>\n\t\t\t\t<div class=\"elementor-element elementor-element-48535c8 elementor-widget elementor-widget-heading\" data-id=\"48535c8\" data-element_type=\"widget\" data-e-type=\"widget\" data-widget_type=\"heading.default\">\n\t\t\t\t\t<p class=\"elementor-heading-title elementor-size-default\">No es necesario interrumpir los tratamientos convencionales. La Medicina Integrativa act\u00faa en sinergia con la alopat\u00eda. Mi objetivo es:<\/p>\t\t\t\t<\/div>\n\t\t\t\t\t<\/div>\n\t\t\t\t<\/div>\n\t\t<div class=\"elementor-element elementor-element-ef4ab81 e-flex e-con-boxed e-con e-parent\" data-id=\"ef4ab81\" data-element_type=\"container\" data-e-type=\"container\">\n\t\t\t\t\t<div class=\"e-con-inner\">\n\t\t<div class=\"elementor-element elementor-element-233a737 e-con-full e-flex e-con e-child\" data-id=\"233a737\" data-element_type=\"container\" data-e-type=\"container\">\n\t\t\t\t<div class=\"elementor-element elementor-element-2de400d elementor-view-default elementor-widget elementor-widget-icon\" data-id=\"2de400d\" data-element_type=\"widget\" data-e-type=\"widget\" data-widget_type=\"icon.default\">\n\t\t\t\t\t\t\t<div class=\"elementor-icon-wrapper\">\n\t\t\t<div class=\"elementor-icon\">\n\t\t\t<svg aria-hidden=\"true\" class=\"e-font-icon-svg e-fas-shield-alt\" viewBox=\"0 0 512 512\" xmlns=\"http:\/\/www.w3.org\/2000\/svg\"><path d=\"M466.5 83.7l-192-80a48.15 48.15 0 0 0-36.9 0l-192 80C27.7 91.1 16 108.6 16 128c0 198.5 114.5 335.7 221.5 380.3 11.8 4.9 25.1 4.9 36.9 0C360.1 472.6 496 349.3 496 128c0-19.4-11.7-36.9-29.5-44.3zM256.1 446.3l-.1-381 175.9 73.3c-3.3 151.4-82.1 261.1-175.8 307.7z\"><\/path><\/svg>\t\t\t<\/div>\n\t\t<\/div>\n\t\t\t\t\t\t<\/div>\n\t\t\t\t<div class=\"elementor-element elementor-element-ec87791 elementor-widget elementor-widget-text-editor\" data-id=\"ec87791\" data-element_type=\"widget\" data-e-type=\"widget\" data-widget_type=\"text-editor.default\">\n\t\t\t\t\t\t\t\t\t<p><span style=\"font-weight: 400;\">Reducir efectos secundarios de medicamentos de uso continuo.<\/span><\/p>\t\t\t\t\t\t\t\t<\/div>\n\t\t\t\t<\/div>\n\t\t<div class=\"elementor-element elementor-element-167b219 e-con-full e-flex e-con e-child\" data-id=\"167b219\" data-element_type=\"container\" data-e-type=\"container\">\n\t\t\t\t<div class=\"elementor-element elementor-element-7a01f1b elementor-view-default elementor-widget elementor-widget-icon\" data-id=\"7a01f1b\" data-element_type=\"widget\" data-e-type=\"widget\" data-widget_type=\"icon.default\">\n\t\t\t\t\t\t\t<div class=\"elementor-icon-wrapper\">\n\t\t\t<div class=\"elementor-icon\">\n\t\t\t<svg aria-hidden=\"true\" class=\"e-font-icon-svg e-fas-balance-scale\" viewBox=\"0 0 640 512\" xmlns=\"http:\/\/www.w3.org\/2000\/svg\"><path d=\"M256 336h-.02c0-16.18 1.34-8.73-85.05-181.51-17.65-35.29-68.19-35.36-85.87 0C-2.06 328.75.02 320.33.02 336H0c0 44.18 57.31 80 128 80s128-35.82 128-80zM128 176l72 144H56l72-144zm511.98 160c0-16.18 1.34-8.73-85.05-181.51-17.65-35.29-68.19-35.36-85.87 0-87.12 174.26-85.04 165.84-85.04 181.51H384c0 44.18 57.31 80 128 80s128-35.82 128-80h-.02zM440 320l72-144 72 144H440zm88 128H352V153.25c23.51-10.29 41.16-31.48 46.39-57.25H528c8.84 0 16-7.16 16-16V48c0-8.84-7.16-16-16-16H383.64C369.04 12.68 346.09 0 320 0s-49.04 12.68-63.64 32H112c-8.84 0-16 7.16-16 16v32c0 8.84 7.16 16 16 16h129.61c5.23 25.76 22.87 46.96 46.39 57.25V448H112c-8.84 0-16 7.16-16 16v32c0 8.84 7.16 16 16 16h416c8.84 0 16-7.16 16-16v-32c0-8.84-7.16-16-16-16z\"><\/path><\/svg>\t\t\t<\/div>\n\t\t<\/div>\n\t\t\t\t\t\t<\/div>\n\t\t\t\t<div class=\"elementor-element elementor-element-36d33a3 elementor-widget elementor-widget-text-editor\" data-id=\"36d33a3\" data-element_type=\"widget\" data-e-type=\"widget\" data-widget_type=\"text-editor.default\">\n\t\t\t\t\t\t\t\t\t<p><span style=\"font-weight: 400;\">\u00a0Trabajar en la reducci\u00f3n gradual de dosis (siempre con seguridad cl\u00ednica).<\/span><\/p>\t\t\t\t\t\t\t\t<\/div>\n\t\t\t\t<\/div>\n\t\t<div class=\"elementor-element elementor-element-8e9f04d e-con-full e-flex e-con e-child\" data-id=\"8e9f04d\" data-element_type=\"container\" data-e-type=\"container\">\n\t\t\t\t<div class=\"elementor-element elementor-element-33dbd86 elementor-view-default elementor-widget elementor-widget-icon\" data-id=\"33dbd86\" data-element_type=\"widget\" data-e-type=\"widget\" data-widget_type=\"icon.default\">\n\t\t\t\t\t\t\t<div class=\"elementor-icon-wrapper\">\n\t\t\t<div class=\"elementor-icon\">\n\t\t\t<svg aria-hidden=\"true\" class=\"e-font-icon-svg e-fas-yin-yang\" viewBox=\"0 0 496 512\" xmlns=\"http:\/\/www.w3.org\/2000\/svg\"><path d=\"M248 8C111.03 8 0 119.03 0 256s111.03 248 248 248 248-111.03 248-248S384.97 8 248 8zm0 376c-17.67 0-32-14.33-32-32s14.33-32 32-32 32 14.33 32 32-14.33 32-32 32zm0-128c-53.02 0-96 42.98-96 96s42.98 96 96 96c-106.04 0-192-85.96-192-192S141.96 64 248 64c53.02 0 96 42.98 96 96s-42.98 96-96 96zm0-128c-17.67 0-32 14.33-32 32s14.33 32 32 32 32-14.33 32-32-14.33-32-32-32z\"><\/path><\/svg>\t\t\t<\/div>\n\t\t<\/div>\n\t\t\t\t\t\t<\/div>\n\t\t\t\t<div class=\"elementor-element elementor-element-7bf6187 elementor-widget elementor-widget-text-editor\" data-id=\"7bf6187\" data-element_type=\"widget\" data-e-type=\"widget\" data-widget_type=\"text-editor.default\">\n\t\t\t\t\t\t\t\t\t<p><span style=\"font-weight: 400;\">Unir las F\u00f3rmulas Magistrales Chinas al cambio de h\u00e1bitos y el equilibrio emocional.<\/span><\/p>\t\t\t\t\t\t\t\t<\/div>\n\t\t\t\t<\/div>\n\t\t\t\t\t<\/div>\n\t\t\t\t<\/div>\n\t\t\t\t<\/div>\n\t\t","protected":false},"excerpt":{"rendered":"<p>Ya sea en la atenci\u00f3n pedi\u00e1trica, donde construye los cimientos de la longevidad o en la complejidad de la salud del adulto, la Dra. Raquel entrega lo m\u00e1s avanzado de la medicina contempor\u00e1nea. A trav\u00e9s de un sistema de cuidado personalizado, preventivo y consciente, conduce a sus pacientes por un camino de autonom\u00eda y transformaci\u00f3n [&hellip;]<\/p>\n","protected":false},"author":1,"featured_media":1225,"parent":0,"menu_order":0,"comment_status":"closed","ping_status":"closed","template":"","meta":{"_acf_changed":false,"footnotes":""},"class_list":["post-248","page","type-page","status-publish","has-post-thumbnail","hentry"],"acf":[],"_links":{"self":[{"href":"https:\/\/draraquelmunoz.com\/es\/wp-json\/wp\/v2\/pages\/248","targetHints":{"allow":["GET"]}}],"collection":[{"href":"https:\/\/draraquelmunoz.com\/es\/wp-json\/wp\/v2\/pages"}],"about":[{"href":"https:\/\/draraquelmunoz.com\/es\/wp-json\/wp\/v2\/types\/page"}],"author":[{"embeddable":true,"href":"https:\/\/draraquelmunoz.com\/es\/wp-json\/wp\/v2\/users\/1"}],"replies":[{"embeddable":true,"href":"https:\/\/draraquelmunoz.com\/es\/wp-json\/wp\/v2\/comments?post=248"}],"version-history":[{"count":126,"href":"https:\/\/draraquelmunoz.com\/es\/wp-json\/wp\/v2\/pages\/248\/revisions"}],"predecessor-version":[{"id":984,"href":"https:\/\/draraquelmunoz.com\/es\/wp-json\/wp\/v2\/pages\/248\/revisions\/984"}],"wp:featuredmedia":[{"embeddable":true,"href":"https:\/\/draraquelmunoz.com\/es\/wp-json\/wp\/v2\/media\/1225"}],"wp:attachment":[{"href":"https:\/\/draraquelmunoz.com\/es\/wp-json\/wp\/v2\/media?parent=248"}],"curies":[{"name":"wp","href":"https:\/\/api.w.org\/{rel}","templated":true}]}}