{"id":204,"date":"2026-02-13T23:26:35","date_gmt":"2026-02-13T22:26:35","guid":{"rendered":"https:\/\/draraquelmunoz.com\/?page_id=204"},"modified":"2026-03-30T17:58:25","modified_gmt":"2026-03-30T15:58:25","slug":"sobre-mi","status":"publish","type":"page","link":"https:\/\/draraquelmunoz.com\/es\/sobre-mi\/","title":{"rendered":"Curriculum \/ Sobre M\u00ed"},"content":{"rendered":"\t\t<div data-elementor-type=\"wp-page\" data-elementor-id=\"204\" class=\"elementor elementor-204\" data-elementor-post-type=\"page\">\n\t\t\t\t<div class=\"elementor-element elementor-element-adc9756 e-flex e-con-boxed e-con e-parent\" data-id=\"adc9756\" data-element_type=\"container\" data-e-type=\"container\">\n\t\t\t\t\t<div class=\"e-con-inner\">\n\t\t\t\t<div class=\"elementor-element elementor-element-f73e9f2 elementor-widget elementor-widget-heading\" data-id=\"f73e9f2\" data-element_type=\"widget\" data-e-type=\"widget\" data-widget_type=\"heading.default\">\n\t\t\t\t\t<h2 class=\"elementor-heading-title elementor-size-default\">Trayectoria profesional\n<\/h2>\t\t\t\t<\/div>\n\t\t\t\t<div class=\"elementor-element elementor-element-90ac311 elementor-widget elementor-widget-text-editor\" data-id=\"90ac311\" data-element_type=\"widget\" data-e-type=\"widget\" data-widget_type=\"text-editor.default\">\n\t\t\t\t\t\t\t\t\t<p>Desde que me gradu\u00e9 en Medicina, he desarrollado mi carrera en hospitales de reconocido prestigio, tanto p\u00fablicos como privados, en S\u00e3o Paulo, Brasil. A lo largo de los a\u00f1os, he trabajado como pediatra en diversos centros hospitalarios y en mi propia cl\u00ednica privada.<\/p><p>Durante mi trayectoria, he tenido el honor de desempe\u00f1arme como jefa de guardia en el \u00e1rea de Urgencias Pedi\u00e1tricas de la Universidad Federal de S\u00e3o Paulo (UNIFESP), ense\u00f1ando alumnos de medicina y tambi\u00e9n residentes de pediatr\u00eda, as\u00ed como de coordinar el \u00e1rea de Infecciones Hospitalarias en el Quarteir\u00e3o da Sa\u00fade de Diadema.<\/p><p>Mi compromiso con la docencia y la investigaci\u00f3n me llev\u00f3 a participar en varias publicaciones cient\u00edficas y a contribuir con un cap\u00edtulo en el Libro Pedi\u00e1trico de la UNIFESP. Tambi\u00e9n he asistido y colaborado activamente en numerosos congresos nacionales e internacionales.<\/p><p>En la actualidad, mi enfoque est\u00e1 centrado en la Medicina Integrativa. Atiendo a pacientes en cl\u00ednicas privadas ocasionalmente en mi consulta privada en Espa\u00f1a. Tambi\u00e9n realizo consultas online, acompa\u00f1ando de forma cercana y personalizada a pacientes y familias en distintas partes del mundo.<\/p>\t\t\t\t\t\t\t\t<\/div>\n\t\t\t\t\t<\/div>\n\t\t\t\t<\/div>\n\t\t<div class=\"elementor-element elementor-element-946a356 e-flex e-con-boxed e-con e-parent\" data-id=\"946a356\" data-element_type=\"container\" data-e-type=\"container\">\n\t\t\t\t\t<div class=\"e-con-inner\">\n\t\t\t\t<div class=\"elementor-element elementor-element-857b928 elementor-widget elementor-widget-heading\" data-id=\"857b928\" data-element_type=\"widget\" data-e-type=\"widget\" data-widget_type=\"heading.default\">\n\t\t\t\t\t<h3 class=\"elementor-heading-title elementor-size-default\">La S\u00edntesis de la Excelencia<\/h3>\t\t\t\t<\/div>\n\t\t\t\t<div class=\"elementor-element elementor-element-2a68c25 elementor-widget elementor-widget-heading\" data-id=\"2a68c25\" data-element_type=\"widget\" data-e-type=\"widget\" data-widget_type=\"heading.default\">\n\t\t\t\t\t<h4 class=\"elementor-heading-title elementor-size-default\">Ciencia, Tradici\u00f3n y Futuro<\/h4>\t\t\t\t<\/div>\n\t\t\t\t\t<\/div>\n\t\t\t\t<\/div>\n\t\t<div class=\"elementor-element elementor-element-1442652 e-flex e-con-boxed e-con e-parent\" data-id=\"1442652\" data-element_type=\"container\" data-e-type=\"container\">\n\t\t\t\t\t<div class=\"e-con-inner\">\n\t\t<div class=\"elementor-element elementor-element-7cf6994 e-con-full e-flex e-con e-child\" data-id=\"7cf6994\" data-element_type=\"container\" data-e-type=\"container\">\n\t\t\t\t<div class=\"elementor-element elementor-element-426eda0 elementor-widget elementor-widget-image\" data-id=\"426eda0\" data-element_type=\"widget\" data-e-type=\"widget\" data-widget_type=\"image.default\">\n\t\t\t\t\t\t\t\t\t\t\t\t\t\t\t<img fetchpriority=\"high\" decoding=\"async\" width=\"799\" height=\"566\" src=\"https:\/\/draraquelmunoz.com\/wp-content\/uploads\/2026\/03\/dra-raquel-munoz.webp\" class=\"attachment-large size-large wp-image-1166\" alt=\"Dra Raquel Mu\u00f1oz\" srcset=\"https:\/\/draraquelmunoz.com\/wp-content\/uploads\/2026\/03\/dra-raquel-munoz.webp 799w, https:\/\/draraquelmunoz.com\/wp-content\/uploads\/2026\/03\/dra-raquel-munoz-300x213.webp 300w, https:\/\/draraquelmunoz.com\/wp-content\/uploads\/2026\/03\/dra-raquel-munoz-768x544.webp 768w, https:\/\/draraquelmunoz.com\/wp-content\/uploads\/2026\/03\/dra-raquel-munoz-18x12.webp 18w\" sizes=\"(max-width: 799px) 100vw, 799px\" \/>\t\t\t\t\t\t\t\t\t\t\t\t\t\t\t<\/div>\n\t\t\t\t<\/div>\n\t\t<div class=\"elementor-element elementor-element-a90c387 e-con-full e-flex e-con e-child\" data-id=\"a90c387\" data-element_type=\"container\" data-e-type=\"container\">\n\t\t\t\t<div class=\"elementor-element elementor-element-b366cdc elementor-widget elementor-widget-text-editor\" data-id=\"b366cdc\" data-element_type=\"widget\" data-e-type=\"widget\" data-widget_type=\"text-editor.default\">\n\t\t\t\t\t\t\t\t\t<p>La medicina de excelencia no se fragmenta; se integra para comprender la totalidad del ser humano. Con una trayectoria forjada en la alta complejidad y guiada por una b\u00fasqueda incesante del dominio del saber, la Dra. Raquel Mu\u00f1oz ha construido su autoridad en la intersecci\u00f3n entre el rigor cient\u00edfico y la visi\u00f3n sist\u00e9mica.<\/p><p>Su base cl\u00ednica fue pulida en la UNIFESP, donde la especializaci\u00f3n en Pediatr\u00eda e Infectolog\u00eda y su desempe\u00f1o como Jefa de Guardia en emergencias cr\u00edticas consolidaron una mirada diagn\u00f3stica inquebrantable. Fue esta vivencia de d\u00e9cadas en la l\u00ednea de frente hospitalaria la que despert\u00f3 en ella una comprensi\u00f3n m\u00e1s amplia: la de que la salud plena reside en la armon\u00eda entre la cura del s\u00edntoma agudo y el equilibrio del terreno biol\u00f3gico.<\/p>\t\t\t\t\t\t\t\t<\/div>\n\t\t\t\t<div class=\"elementor-element elementor-element-a0424da elementor-blockquote--align-left elementor-blockquote--skin-border elementor-widget elementor-widget-blockquote\" data-id=\"a0424da\" data-element_type=\"widget\" data-e-type=\"widget\" data-widget_type=\"blockquote.default\">\n\t\t\t\t\t\t\t<blockquote class=\"elementor-blockquote\">\n\t\t\t<p class=\"elementor-blockquote__content\">\n\t\t\t\tHoy, su pr\u00e1ctica representa la evoluci\u00f3n del cuidado m\u00e9dico. La Dra. Raquel ha unido la precisi\u00f3n y el m\u00e9todo de la Medicina Occidental con la profundidad milenaria de la Medicina Tradicional China, creando un enfoque integrativo \u00fanico que act\u00faa en el origen de los desequilibrios para restaurar la vitalidad.\t\t\t<\/p>\n\t\t\t\t\t\t\t<div class=\"e-q-footer\">\n\t\t\t\t\t\t\t\t\t\t\t<cite class=\"elementor-blockquote__author\">Dra Raquel Mu\u00f1oz<\/cite>\n\t\t\t\t\t\t\t\t\t\t\t\t\t\t<\/div>\n\t\t\t\t\t<\/blockquote>\n\t\t\t\t\t\t<\/div>\n\t\t\t\t<div class=\"elementor-element elementor-element-8ebf3b9 elementor-widget elementor-widget-text-editor\" data-id=\"8ebf3b9\" data-element_type=\"widget\" data-e-type=\"widget\" data-widget_type=\"text-editor.default\">\n\t\t\t\t\t\t\t\t\t<p>Este compromiso con la maestr\u00eda se refleja en su formaci\u00f3n continua: en su d\u00e9cima posgraduaci\u00f3n, la Doctora alcanza el nivel de M\u00e1ster en F\u00f3rmulas Magistrales Chinas. Tal experiencia la ha convertido en una referencia internacional, llev\u00e1ndola a impartir cursos para m\u00e9dicos acupuntores, compartiendo el arte de la prescripci\u00f3n sist\u00e9mica y la integraci\u00f3n farmacol\u00f3gica de alta sofisticaci\u00f3n.<\/p>\t\t\t\t\t\t\t\t<\/div>\n\t\t\t\t<\/div>\n\t\t\t\t\t<\/div>\n\t\t\t\t<\/div>\n\t\t\t\t<\/div>\n\t\t","protected":false},"excerpt":{"rendered":"<p>Trayectoria profesional Desde que me gradu\u00e9 en Medicina, he desarrollado mi carrera en hospitales de reconocido prestigio, tanto p\u00fablicos como privados, en S\u00e3o Paulo, Brasil. A lo largo de los a\u00f1os, he trabajado como pediatra en diversos centros hospitalarios y en mi propia cl\u00ednica privada. Durante mi trayectoria, he tenido el honor de desempe\u00f1arme como [&hellip;]<\/p>\n","protected":false},"author":1,"featured_media":1218,"parent":0,"menu_order":0,"comment_status":"closed","ping_status":"closed","template":"","meta":{"_acf_changed":false,"footnotes":""},"class_list":["post-204","page","type-page","status-publish","has-post-thumbnail","hentry"],"acf":[],"_links":{"self":[{"href":"https:\/\/draraquelmunoz.com\/es\/wp-json\/wp\/v2\/pages\/204","targetHints":{"allow":["GET"]}}],"collection":[{"href":"https:\/\/draraquelmunoz.com\/es\/wp-json\/wp\/v2\/pages"}],"about":[{"href":"https:\/\/draraquelmunoz.com\/es\/wp-json\/wp\/v2\/types\/page"}],"author":[{"embeddable":true,"href":"https:\/\/draraquelmunoz.com\/es\/wp-json\/wp\/v2\/users\/1"}],"replies":[{"embeddable":true,"href":"https:\/\/draraquelmunoz.com\/es\/wp-json\/wp\/v2\/comments?post=204"}],"version-history":[{"count":92,"href":"https:\/\/draraquelmunoz.com\/es\/wp-json\/wp\/v2\/pages\/204\/revisions"}],"predecessor-version":[{"id":1238,"href":"https:\/\/draraquelmunoz.com\/es\/wp-json\/wp\/v2\/pages\/204\/revisions\/1238"}],"wp:featuredmedia":[{"embeddable":true,"href":"https:\/\/draraquelmunoz.com\/es\/wp-json\/wp\/v2\/media\/1218"}],"wp:attachment":[{"href":"https:\/\/draraquelmunoz.com\/es\/wp-json\/wp\/v2\/media?parent=204"}],"curies":[{"name":"wp","href":"https:\/\/api.w.org\/{rel}","templated":true}]}}