{"id":1170,"date":"2026-03-20T02:31:52","date_gmt":"2026-03-20T01:31:52","guid":{"rendered":"https:\/\/draraquelmunoz.com\/?page_id=1170"},"modified":"2026-03-20T02:42:38","modified_gmt":"2026-03-20T01:42:38","slug":"politica-de-cookies","status":"publish","type":"page","link":"https:\/\/draraquelmunoz.com\/es\/politica-de-cookies\/","title":{"rendered":"Pol\u00edticas de Cookies"},"content":{"rendered":"\n<p>DRA RAQUEL MU\u00d1OZ utiliza cookies para facilitar la navegaci\u00f3n por dicho portal y para obtener una mayor eficacia y personalizaci\u00f3n de los servicios ofrecidos a los usuarios.<\/p>\n\n\n\n\n\n<p>Asimismo, DRA RAQUEL MU\u00d1OZ no puede leer las cookies implantadas en el disco duro del usuario desde otros servidores.<\/p>\n\n\n\n<p>El usuario puede libremente decidir acerca de la implantaci\u00f3n o no en su disco duro de las cookies empleadas en DRA RAQUEL MU\u00d1OZ.<\/p>\n\n\n\n<p>En este sentido, el usuario puede configurar su navegador para aceptar o rechazar por defecto todas las cookies o para recibir un aviso en pantalla de la recepci\u00f3n de cada cookie y decidir en ese momento su implantaci\u00f3n o no en su disco duro. Para ello le sugerimos consultar la secci\u00f3n de ayuda de su navegador para saber c\u00f3mo cambiar la configuraci\u00f3n que actualmente emplea.<\/p>\n\n\n\n<p>Aun cuando el usuario configurase su navegador para rechazar todas las cookies o rechazase expresamente las cookies DRA RAQUEL MU\u00d1OZ,S.A. podr\u00e1\u0301 navegar por el portal con el \u00fanico inconveniente de no poder disfrutar de las funcionalidades del portal que requieran la instalaci\u00f3n de alguna de ellas.<\/p>\n\n\n\n<p>En cualquier caso, el usuario podr\u00e1 \u0301 eliminar las cookies DRA RAQUEL MU\u00d1OZ,S.A. implantadas en su disco duro en cualquier momento, siguiendo el procedimiento establecido en la secci\u00f3n de ayuda de su navegador o entrando en el enlace Pol\u00edtica de Cookies de este sitio web<\/p>\n\n\n\n<p>ANTECEDENTES<\/p>\n\n\n\n<p>De conformidad con la normativa espa\u00f1ola que regula el uso de cookies en relaci\u00f3n a la prestaci\u00f3n de servicios de comunicaciones electr\u00f3nicas, recogida en el Real Decreto Ley 13\/2012 del 30 de marzo, le informamos sobre las cookies utilizadas en el sitio web de DRA RAQUEL MU\u00d1OZ, y el motivo de su uso.<\/p>\n\n\n\n<p>Asimismo, le informamos de que al navegar en el Sitio Web el usuario est\u00e1 prestando su consentimiento para poder utilizarlas.<\/p>\n\n\n\n<p>\u00bfQU\u00c9 SON LAS COOKIES?<\/p>\n\n\n\n<p>Una cookie es un fichero que se descarga en su ordenador al acceder a determinadas p\u00e1ginas web.<\/p>\n\n\n\n<p>Las cookies permiten a una p\u00e1gina web, entre otras cosas, almacenar y recuperar informaci\u00f3n sobre los h\u00e1bitos de navegaci\u00f3n de un usuario o de su equipo y, dependiendo de la informaci\u00f3n que contengan y de la forma en que utilice su equipo, pueden utilizarse para reconocer al usuario.<\/p>\n\n\n\n<p>Las cookies se asocian \u00fanicamente a un usuario an\u00f3nimo y su ordenador o dispositivo y no proporcionan referencias que permitan conocer sus datos personales.<\/p>\n\n\n\n<p>COOKIES AFECTADAS POR LA NORMATIVA Y COOKIES EXENTAS<\/p>\n\n\n\n<p>Seg\u00fan la directiva de la UE, las cookies que requieren el consentimiento informado por parte del usuario son las cookies anal\u00edticas y las de publicidad y afiliaci\u00f3n, quedando exceptuadas las de car\u00e1cter t\u00e9cnico y las necesarias para el funcionamiento del sitio web o la prestaci\u00f3n de servicios expresamente demandados por el usuario.<\/p>\n\n\n\n<p>TIPOS DE COOKIES<\/p>\n\n\n\n<p>a) Seg\u00fan la entidad que las gestione, hay Cookies propias (aqu\u00e9llas que se env\u00edan al equipo terminal del usuario desde un equipo o dominio gestionado por el propio editor y desde el que se presta el servicio Solicitado por el usuario) y de terceros (las que se env\u00edan al equipo terminal del usuario desde un equipo o dominio que no es gestionado por el editor, sino por otra entidad que trata los datos obtenidos trav\u00e9s de las cookies).<\/p>\n\n\n\n<p>b) Seg\u00fan el tiempo que permanecen activas, existen las de sesi\u00f3n (dise\u00f1adas para recabar y almacenar datos mientras el usuario accede a una p\u00e1gina web) y las persistentes (en las que los datos se almacenan en el terminal y pueden ser accedidos y tratados durante un periodo definido por el responsable de la cookie -puede ir de unos minutos a varios a\u00f1os-).<\/p>\n\n\n\n<p>c) Seg\u00fan la finalidad para la que traten la informaci\u00f3n que recopilan, pueden ser:<\/p>\n\n\n\n<p>Cookies t\u00e9cnicas (necesarias para el uso de la web y la prestaci\u00f3n del servicio contratado),<br>Cookies de personalizaci\u00f3n (que permiten al usuario acceder al servicio con caracter\u00edsticas predefinidas, como por ejemplo el idioma, tipo de navegador, configuraci\u00f3n regional, etc.)<br>Cookies de an\u00e1lisis (recogen informaci\u00f3n el uso que se realiza de la web),<br>Cookies publicitarias (recogen informaci\u00f3n sobre las preferencias y elecciones personales de los usuarios), Cookies de afiliados (permiten realizar un seguimiento de las visitas procedentes de otras webs, con las que el sitio web establece un contrato de afiliaci\u00f3n).<\/p>\n\n\n\n<p>Dra Raquel Mu\u00f1oz<\/p>\n\n\n\n<p>DNI: 269.526.91-A<\/p>\n\n\n\n<p>Calle Argimon, 2 -\u00e1tico &#8211; Horta, Barcelona &#8211; Espa\u00f1a- CP 08032<\/p>\n\n\n\n<p>Tel\u00e9fono: +34 625 02 43 39<\/p>\n","protected":false},"excerpt":{"rendered":"<p>DRA RAQUEL MU\u00d1OZ utiliza cookies para facilitar la navegaci\u00f3n por dicho portal y para obtener una mayor eficacia y personalizaci\u00f3n de los servicios ofrecidos a los usuarios. Asimismo, DRA RAQUEL MU\u00d1OZ no puede leer las cookies implantadas en el disco duro del usuario desde otros servidores. El usuario puede libremente decidir acerca de la implantaci\u00f3n [&hellip;]<\/p>\n","protected":false},"author":1,"featured_media":0,"parent":0,"menu_order":0,"comment_status":"closed","ping_status":"closed","template":"","meta":{"_acf_changed":false,"footnotes":""},"class_list":["post-1170","page","type-page","status-publish","hentry"],"acf":[],"_links":{"self":[{"href":"https:\/\/draraquelmunoz.com\/es\/wp-json\/wp\/v2\/pages\/1170","targetHints":{"allow":["GET"]}}],"collection":[{"href":"https:\/\/draraquelmunoz.com\/es\/wp-json\/wp\/v2\/pages"}],"about":[{"href":"https:\/\/draraquelmunoz.com\/es\/wp-json\/wp\/v2\/types\/page"}],"author":[{"embeddable":true,"href":"https:\/\/draraquelmunoz.com\/es\/wp-json\/wp\/v2\/users\/1"}],"replies":[{"embeddable":true,"href":"https:\/\/draraquelmunoz.com\/es\/wp-json\/wp\/v2\/comments?post=1170"}],"version-history":[{"count":3,"href":"https:\/\/draraquelmunoz.com\/es\/wp-json\/wp\/v2\/pages\/1170\/revisions"}],"predecessor-version":[{"id":1175,"href":"https:\/\/draraquelmunoz.com\/es\/wp-json\/wp\/v2\/pages\/1170\/revisions\/1175"}],"wp:attachment":[{"href":"https:\/\/draraquelmunoz.com\/es\/wp-json\/wp\/v2\/media?parent=1170"}],"curies":[{"name":"wp","href":"https:\/\/api.w.org\/{rel}","templated":true}]}}