{"id":1138,"date":"2026-03-16T13:42:45","date_gmt":"2026-03-16T12:42:45","guid":{"rendered":"https:\/\/draraquelmunoz.com\/?page_id=1138"},"modified":"2026-03-20T02:33:54","modified_gmt":"2026-03-20T01:33:54","slug":"politicas-privacidad","status":"publish","type":"page","link":"https:\/\/draraquelmunoz.com\/es\/politicas-privacidad\/","title":{"rendered":"Politicas Privacidad"},"content":{"rendered":"\n\n\n<p>Estos datos de car\u00e1cter personal ser\u00e1n tratados conforme a lo dispuesto en la Ley Org\u00e1nica 15\/1999, de 13 de diciembre, de Protecci\u00f3n de Datos de Car\u00e1cter Personal.<\/p>\n\n\n\n<p>Por tanto, el interesado podr\u00e1 ejercer derecho de acceso, rectificaci\u00f3n, cancelaci\u00f3n y oposici\u00f3n con respecto a los datos personales que consten en los expresados ficheros, pudiendo revocar su consentimiento por escrito en cualquier momento.<\/p>\n\n\n\n<p>Para cumplir con los pr\u00f3ximos cambios en la regulaci\u00f3n de la UE sobre la protecci\u00f3n de datos (RGPD- 679\/2016 UE), Robledor ha mejorado la pol\u00edtica de privacidad. Ahora es m\u00e1s f\u00e1cil de entender qu\u00e9 informaci\u00f3n se recoge y para qu\u00e9 se utiliza.<\/p>\n\n\n\n<p>\u00bfQu\u00e9 ha cambiado?<br>No ha cambiado nada respecto al tipo de informaci\u00f3n que la Dra Raquel Mu\u00f1oz recoge ni a c\u00f3mo la utiliza. Dra Raquel Mu\u00f1oz no comparte tu informaci\u00f3n con fines publicitarios ni tampoco la facilita a terceros sin tu consentimiento, excepto por las razones especificadas en la pol\u00edtica de privacidad. Hemos reescrito nuestra Pol\u00edtica de Privacidad para mejorar la claridad. Hemos a\u00f1adido m\u00e1s informaci\u00f3n para explicar qu\u00e9 informaci\u00f3n se utiliza para qu\u00e9 y con qui\u00e9n se comparte para poder ofrecerte nuestros servicios.<\/p>\n\n\n\n<p>Seguiremos trat\u00e1ndose de la misma forma que hasta ahora, con pleno respeto y garant\u00eda de tu derecho fundamental a la Protecci\u00f3n de Datos. Por tanto, para poder seguir recibiendo nuestros comunicados, necesitamos que leas y aceptes la nueva Pol\u00edtica de Privacidad.<\/p>\n\n\n\n<p>Marques la casilla y as\u00ed Aceptas lo t\u00e9rminos y condiciones de la Pol\u00edtica Privacidad<\/p>\n\n\n\n<p>Si tienes alguna duda sobre la actualizaci\u00f3n de la pol\u00edtica de privacidad o sobre el RGPD, puedes contactar con nosotros en info@draraquelmunoz.com<\/p>\n\n\n\n<p>Para ello lo podr\u00e1n hacer mediante comunicaci\u00f3n escrita dirigida a:<\/p>\n\n\n\n<p>Dra Raquel Mu\u00f1oz<\/p>\n\n\n\n<p>DNI: 269.526.91-A<\/p>\n\n\n\n<p>Calle Argimon, 2 -\u00e1tico &#8211; Horta, Barcelona &#8211; Espa\u00f1a- CP 08032<\/p>\n\n\n\n<p>Tel\u00e9fono: +34 625 02 43 39<\/p>\n","protected":false},"excerpt":{"rendered":"<p>Estos datos de car\u00e1cter personal ser\u00e1n tratados conforme a lo dispuesto en la Ley Org\u00e1nica 15\/1999, de 13 de diciembre, de Protecci\u00f3n de Datos de Car\u00e1cter Personal. Por tanto, el interesado podr\u00e1 ejercer derecho de acceso, rectificaci\u00f3n, cancelaci\u00f3n y oposici\u00f3n con respecto a los datos personales que consten en los expresados ficheros, pudiendo revocar su [&hellip;]<\/p>\n","protected":false},"author":1,"featured_media":0,"parent":0,"menu_order":0,"comment_status":"closed","ping_status":"closed","template":"","meta":{"_acf_changed":false,"footnotes":""},"class_list":["post-1138","page","type-page","status-publish","hentry"],"acf":[],"_links":{"self":[{"href":"https:\/\/draraquelmunoz.com\/es\/wp-json\/wp\/v2\/pages\/1138","targetHints":{"allow":["GET"]}}],"collection":[{"href":"https:\/\/draraquelmunoz.com\/es\/wp-json\/wp\/v2\/pages"}],"about":[{"href":"https:\/\/draraquelmunoz.com\/es\/wp-json\/wp\/v2\/types\/page"}],"author":[{"embeddable":true,"href":"https:\/\/draraquelmunoz.com\/es\/wp-json\/wp\/v2\/users\/1"}],"replies":[{"embeddable":true,"href":"https:\/\/draraquelmunoz.com\/es\/wp-json\/wp\/v2\/comments?post=1138"}],"version-history":[{"count":3,"href":"https:\/\/draraquelmunoz.com\/es\/wp-json\/wp\/v2\/pages\/1138\/revisions"}],"predecessor-version":[{"id":1173,"href":"https:\/\/draraquelmunoz.com\/es\/wp-json\/wp\/v2\/pages\/1138\/revisions\/1173"}],"wp:attachment":[{"href":"https:\/\/draraquelmunoz.com\/es\/wp-json\/wp\/v2\/media?parent=1138"}],"curies":[{"name":"wp","href":"https:\/\/api.w.org\/{rel}","templated":true}]}}